{"id":51,"date":"2019-08-05T09:58:23","date_gmt":"2019-08-05T09:58:23","guid":{"rendered":"https:\/\/www.seb-elektro.de\/?page_id=51"},"modified":"2019-08-05T10:03:42","modified_gmt":"2019-08-05T10:03:42","slug":"home","status":"publish","type":"page","link":"https:\/\/www.seb-elektro.de\/","title":{"rendered":"Home"},"content":{"rendered":"\n<figure class=\"wp-block-image\"><img loading=\"lazy\" decoding=\"async\" width=\"800\" height=\"277\" src=\"https:\/\/www.seb-elektro.de\/wp-content\/uploads\/2019\/08\/Werbetafel_Entwurf2.png\" alt=\"\" class=\"wp-image-52\" srcset=\"https:\/\/www.seb-elektro.de\/wp-content\/uploads\/2019\/08\/Werbetafel_Entwurf2.png 800w, https:\/\/www.seb-elektro.de\/wp-content\/uploads\/2019\/08\/Werbetafel_Entwurf2-300x104.png 300w, https:\/\/www.seb-elektro.de\/wp-content\/uploads\/2019\/08\/Werbetafel_Entwurf2-768x266.png 768w\" sizes=\"auto, (max-width: 800px) 100vw, 800px\" \/><\/figure>\n\n\n\n<p> Wir bieten Ihnen&#8230;. <\/p>\n\n\n\n<ul class=\"wp-block-list\"><li>Standardelektroinstallation, von der Sanierung bis zum Neubau<\/li><li>Elektroservice in allen Bereichen<\/li><li>Sprechanlagen f\u00fcr Neu- und Umbau; Servicearbeiten vom \nEinfamilienhaus bis zu Hochhausanlagen; Video- und IP-Anlagen f\u00fcr \nB\u00fcrogeb\u00e4ude<\/li><li>Zutrittskontrollen f\u00fcr Privat- und B\u00fcrobereiche<\/li><li>Industrietechnik, von der Installation bis zur Steuerungstechnik<\/li><li>Wohnhausplanung und Dokumentation im Elektrobereich<\/li><\/ul>\n\n\n\n<p>\n\n&#8230; und vieles mehr rund um den Bereich Elektrotechnik.<br><br><em>Service ist uns wichtig!<\/em><br><br>\nSchauen Sie sich in Ruhe auf unserer Homepage um. F\u00fcr Ihre W\u00fcnsche und Fragen stehen wir Ihnen gerne zur Verf\u00fcgung.\n\n<\/p>\n\n\n\n<p><\/p>\n","protected":false},"excerpt":{"rendered":"<p>Wir bieten Ihnen&#8230;. Standardelektroinstallation, von der Sanierung bis zum Neubau Elektroservice in allen Bereichen Sprechanlagen f\u00fcr Neu- und Umbau; Servicearbeiten vom Einfamilienhaus bis zu Hochhausanlagen; Video- und IP-Anlagen f\u00fcr B\u00fcrogeb\u00e4ude Zutrittskontrollen f\u00fcr Privat- und B\u00fcrobereiche Industrietechnik, von der Installation bis zur Steuerungstechnik Wohnhausplanung und Dokumentation im Elektrobereich &#8230; und vieles mehr rund um den Bereich [&hellip;]<\/p>\n","protected":false},"author":1,"featured_media":0,"parent":0,"menu_order":0,"comment_status":"closed","ping_status":"closed","template":"","meta":{"footnotes":""},"class_list":["post-51","page","type-page","status-publish","hentry"],"_links":{"self":[{"href":"https:\/\/www.seb-elektro.de\/index.php\/wp-json\/wp\/v2\/pages\/51","targetHints":{"allow":["GET"]}}],"collection":[{"href":"https:\/\/www.seb-elektro.de\/index.php\/wp-json\/wp\/v2\/pages"}],"about":[{"href":"https:\/\/www.seb-elektro.de\/index.php\/wp-json\/wp\/v2\/types\/page"}],"author":[{"embeddable":true,"href":"https:\/\/www.seb-elektro.de\/index.php\/wp-json\/wp\/v2\/users\/1"}],"replies":[{"embeddable":true,"href":"https:\/\/www.seb-elektro.de\/index.php\/wp-json\/wp\/v2\/comments?post=51"}],"version-history":[{"count":2,"href":"https:\/\/www.seb-elektro.de\/index.php\/wp-json\/wp\/v2\/pages\/51\/revisions"}],"predecessor-version":[{"id":57,"href":"https:\/\/www.seb-elektro.de\/index.php\/wp-json\/wp\/v2\/pages\/51\/revisions\/57"}],"wp:attachment":[{"href":"https:\/\/www.seb-elektro.de\/index.php\/wp-json\/wp\/v2\/media?parent=51"}],"curies":[{"name":"wp","href":"https:\/\/api.w.org\/{rel}","templated":true}]}}