{"id":93,"date":"2019-08-06T13:01:43","date_gmt":"2019-08-06T13:01:43","guid":{"rendered":"https:\/\/www.seb-elektro.de\/?page_id=93"},"modified":"2020-04-08T09:21:54","modified_gmt":"2020-04-08T09:21:54","slug":"impressum","status":"publish","type":"page","link":"https:\/\/www.seb-elektro.de\/index.php\/impressum\/","title":{"rendered":"Impressum"},"content":{"rendered":"\n<p>Angaben gem\u00e4\u00df \u00a7 5 TMG<\/p>\n\n\n\n<p><strong>Seb Elektro<\/strong><br>Sebastian Kraft<br>Don-Bosco-Str. 17<br>63500 Seligenstadt<\/p>\n\n\n\n<p><strong>Vertreten durch:<\/strong><br>Sebastian Kraft<\/p>\n\n\n\n<p><strong>Kontakt:<\/strong><br>Telefon: 06182 &#8211; 7 83 20 22<br>Fax: 06182 &#8211; 7 83 20 23<br>Email: <a href=\"&#109;&#x61;i&#108;&#x74;o&#58;&#x6f;f&#x66;&#x69;&#99;&#x65;&#64;&#115;&#x65;b&#45;&#x65;l&#x65;&#x6b;&#116;&#x72;&#x6f;&#46;&#x64;e\">&#x6f;f&#x66;&#105;&#x63;&#x65;&#64;&#x73;&#101;&#x62;&#x2d;e&#x6c;&#101;&#x6b;&#x74;r&#x6f;&#46;&#x64;&#x65;<\/a><\/p>\n\n\n\n<p><strong>Zust\u00e4ndige Handwerkskammer:<\/strong><br>Handwerkskammer Frankfurt-Rhein-Main<br>Betriebsnummer: 4283172 <\/p>\n\n\n\n<p><strong>Umsatzsteuer-ID:<\/strong><br>Umsatzsteuer-Identifikationsnummer gem\u00e4\u00df \u00a727a Umsatzsteuergesetz: DE273080429<\/p>\n\n\n\n<p><strong>Verantwortlich f\u00fcr den Inhalt nach \u00a7 55 Abs. 2 RStV:<\/strong><br>Sebastian Kraft<br>Don-Bosco-Str. 17<br>63500 Seligenstadt <\/p>\n\n\n\n<p><strong>Haftungsausschluss: <\/strong><br><br><strong>Haftung f\u00fcr Inhalte<\/strong><br><br> Die Inhalte unserer Seiten wurden mit gr\u00f6\u00dfter Sorgfalt erstellt. F\u00fcr die Richtigkeit, Vollst\u00e4ndigkeit und Aktualit\u00e4t der Inhalte k\u00f6nnen wir jedoch keine Gew\u00e4hr \u00fcbernehmen. Als Diensteanbieter sind wir gem\u00e4\u00df \u00a7 7 Abs.1 TMG f\u00fcr eigene Inhalte auf diesen Seiten nach den allgemeinen Gesetzen verantwortlich. Nach \u00a7\u00a7 8 bis 10 TMG sind wir als Diensteanbieter jedoch nicht verpflichtet, \u00fcbermittelte oder gespeicherte fremde Informationen zu \u00fcberwachen oder nach Umst\u00e4nden zu forschen, die auf eine rechtswidrige T\u00e4tigkeit hinweisen. Verpflichtungen zur Entfernung oder Sperrung der Nutzung von Informationen nach den allgemeinen Gesetzen bleiben hiervon unber\u00fchrt. Eine diesbez\u00fcgliche Haftung ist jedoch erst ab dem Zeitpunkt der Kenntnis einer konkreten Rechtsverletzung m\u00f6glich. Bei Bekanntwerden von entsprechenden Rechtsverletzungen werden wir diese Inhalte umgehend entfernen.<br><br><strong>Haftung f\u00fcr Links<\/strong><br><br> Unser Angebot enth\u00e4lt Links zu externen Webseiten Dritter, auf deren Inhalte wir keinen Einfluss haben. Deshalb k\u00f6nnen wir f\u00fcr diese fremden Inhalte auch keine Gew\u00e4hr \u00fcbernehmen. F\u00fcr die Inhalte der verlinkten Seiten ist stets der jeweilige Anbieter oder Betreiber der Seiten verantwortlich. Die verlinkten Seiten wurden zum Zeitpunkt der Verlinkung auf m\u00f6gliche Rechtsverst\u00f6\u00dfe \u00fcberpr\u00fcft. Rechtswidrige Inhalte waren zum Zeitpunkt der Verlinkung nicht erkennbar. Eine permanente inhaltliche Kontrolle der verlinkten Seiten ist jedoch ohne konkrete Anhaltspunkte einer Rechtsverletzung nicht zumutbar. Bei Bekanntwerden von Rechtsverletzungen werden wir derartige Links umgehend entfernen.<br><br><strong>Urheberrecht<\/strong><br><br> Die durch die Seitenbetreiber erstellten Inhalte und Werke auf diesen Seiten unterliegen dem deutschen Urheberrecht. Die Vervielf\u00e4ltigung, Bearbeitung, Verbreitung und jede Art der Verwertung au\u00dferhalb der Grenzen des Urheberrechtes bed\u00fcrfen der schriftlichen Zustimmung des jeweiligen Autors bzw. Erstellers. Downloads und Kopien dieser Seite sind nur f\u00fcr den privaten, nicht kommerziellen Gebrauch gestattet. Soweit die Inhalte auf dieser Seite nicht vom Betreiber erstellt wurden, werden die Urheberrechte Dritter beachtet. Insbesondere werden Inhalte Dritter als solche gekennzeichnet. Sollten Sie trotzdem auf eine Urheberrechtsverletzung aufmerksam werden, bitten wir um einen entsprechenden Hinweis. Bei Bekanntwerden von Rechtsverletzungen werden wir derartige Inhalte umgehend entfernen.<\/p>\n\n\n\n<p>Website Impressum erstellt durch <a href=\"http:\/\/www.impressum-generator.de\">impressum-generator.de<\/a> von der <a href=\"http:\/\/www.kanzlei-hasselbach.de\/\">Kanzlei Hasselbach<\/a><\/p>\n","protected":false},"excerpt":{"rendered":"<p>Angaben gem\u00e4\u00df \u00a7 5 TMG Seb ElektroSebastian KraftDon-Bosco-Str. 1763500 Seligenstadt Vertreten durch:Sebastian Kraft Kontakt:Telefon: 06182 &#8211; 7 83 20 22Fax: 06182 &#8211; 7 83 20 23Email: &#x6f;&#x66;&#102;i&#x63;&#x65;&#x40;&#115;e&#x62;&#x2d;&#x65;&#108;e&#x6b;&#x74;&#x72;&#111;&#46;&#x64;&#x65; Zust\u00e4ndige Handwerkskammer:Handwerkskammer Frankfurt-Rhein-MainBetriebsnummer: 4283172 Umsatzsteuer-ID:Umsatzsteuer-Identifikationsnummer gem\u00e4\u00df \u00a727a Umsatzsteuergesetz: DE273080429 Verantwortlich f\u00fcr den Inhalt nach \u00a7 55 Abs. 2 RStV:Sebastian KraftDon-Bosco-Str. 1763500 Seligenstadt Haftungsausschluss: Haftung f\u00fcr Inhalte Die Inhalte [&hellip;]<\/p>\n","protected":false},"author":1,"featured_media":0,"parent":0,"menu_order":0,"comment_status":"closed","ping_status":"closed","template":"","meta":{"footnotes":""},"class_list":["post-93","page","type-page","status-publish","hentry"],"_links":{"self":[{"href":"https:\/\/www.seb-elektro.de\/index.php\/wp-json\/wp\/v2\/pages\/93","targetHints":{"allow":["GET"]}}],"collection":[{"href":"https:\/\/www.seb-elektro.de\/index.php\/wp-json\/wp\/v2\/pages"}],"about":[{"href":"https:\/\/www.seb-elektro.de\/index.php\/wp-json\/wp\/v2\/types\/page"}],"author":[{"embeddable":true,"href":"https:\/\/www.seb-elektro.de\/index.php\/wp-json\/wp\/v2\/users\/1"}],"replies":[{"embeddable":true,"href":"https:\/\/www.seb-elektro.de\/index.php\/wp-json\/wp\/v2\/comments?post=93"}],"version-history":[{"count":3,"href":"https:\/\/www.seb-elektro.de\/index.php\/wp-json\/wp\/v2\/pages\/93\/revisions"}],"predecessor-version":[{"id":114,"href":"https:\/\/www.seb-elektro.de\/index.php\/wp-json\/wp\/v2\/pages\/93\/revisions\/114"}],"wp:attachment":[{"href":"https:\/\/www.seb-elektro.de\/index.php\/wp-json\/wp\/v2\/media?parent=93"}],"curies":[{"name":"wp","href":"https:\/\/api.w.org\/{rel}","templated":true}]}}